{"id":11,"date":"2011-10-22T13:39:23","date_gmt":"2011-10-22T13:39:23","guid":{"rendered":"http:\/\/jordhen.ch\/preview\/strh\/?page_id=11"},"modified":"2021-10-04T15:07:56","modified_gmt":"2021-10-04T15:07:56","slug":"team","status":"publish","type":"page","link":"https:\/\/www.strh.ch\/?page_id=11","title":{"rendered":"Team"},"content":{"rendered":"<div>\n<div class=\"w\">Juri Sch\u00f6nenberger<br \/>\nTreuh\u00e4nder mit eidg. Fachausweis<br \/>\n<a href=\"mailto:schoenenberger@strh.ch\">schoenenberger(at)strh.ch<\/a><\/div>\n<div class=\"i\"><img decoding=\"async\" class=\"alignright\" src=\"images\/t1.png\" alt=\"\" \/><\/div>\n<\/div>\n<div>\n<div class=\"w\">Daniela Weckemann<br \/>\nTreuh\u00e4nderin mit eidg. Fachausweis<br \/>\nProkuristin<br \/>\n<a href=\"mailto:weckemann@strh.ch\">weckemann(at)strh.ch<\/a><\/div>\n<div class=\"i\"><img decoding=\"async\" src=\"images\/t2.png\" alt=\"\" \/><\/div>\n<\/div>\n<div>\n<div class=\"w\">Graziella\u00a0Cottone<br \/>\nFachfrau Finanz- und Rechnungswesen<br \/>\nmit eidg. Fachausweis<br \/>\nProkuristin<br \/>\n<a href=\"mailto:disarli@strh.ch\">cottone(at)strh.ch<\/a><\/div>\n<div class=\"i\"><img decoding=\"async\" src=\"images\/t3.png\" alt=\"\" \/><\/div>\n<\/div>\n<div>\n<div class=\"w\">Jenda Lai<br \/>\nFachfrau Finanz- und Rechnungswesen<br \/>\nmit eidg. Fachausweis<br \/>\nProkuristin<br \/>\n<a href=\"mailto:lai@strh.ch\">lai(at)strh.ch<\/a><\/div>\n<div class=\"i\"><img decoding=\"async\" src=\"images\/t4.png\" alt=\"\" \/><\/div>\n<\/div>\n","protected":false},"excerpt":{"rendered":"<p>Juri Sch\u00f6nenberger Treuh\u00e4nder mit eidg. Fachausweis schoenenberger(at)strh.ch Daniela Weckemann Treuh\u00e4nderin mit eidg. Fachausweis Prokuristin weckemann(at)strh.ch Graziella\u00a0Cottone Fachfrau Finanz- und Rechnungswesen mit eidg. Fachausweis Prokuristin cottone(at)strh.ch Jenda Lai Fachfrau Finanz- und Rechnungswesen mit eidg. Fachausweis Prokuristin lai(at)strh.ch<\/p>\n","protected":false},"author":1,"featured_media":0,"parent":0,"menu_order":2,"comment_status":"open","ping_status":"open","template":"","meta":{"footnotes":""},"_links":{"self":[{"href":"https:\/\/www.strh.ch\/index.php?rest_route=\/wp\/v2\/pages\/11"}],"collection":[{"href":"https:\/\/www.strh.ch\/index.php?rest_route=\/wp\/v2\/pages"}],"about":[{"href":"https:\/\/www.strh.ch\/index.php?rest_route=\/wp\/v2\/types\/page"}],"author":[{"embeddable":true,"href":"https:\/\/www.strh.ch\/index.php?rest_route=\/wp\/v2\/users\/1"}],"replies":[{"embeddable":true,"href":"https:\/\/www.strh.ch\/index.php?rest_route=%2Fwp%2Fv2%2Fcomments&post=11"}],"version-history":[{"count":46,"href":"https:\/\/www.strh.ch\/index.php?rest_route=\/wp\/v2\/pages\/11\/revisions"}],"predecessor-version":[{"id":223,"href":"https:\/\/www.strh.ch\/index.php?rest_route=\/wp\/v2\/pages\/11\/revisions\/223"}],"wp:attachment":[{"href":"https:\/\/www.strh.ch\/index.php?rest_route=%2Fwp%2Fv2%2Fmedia&parent=11"}],"curies":[{"name":"wp","href":"https:\/\/api.w.org\/{rel}","templated":true}]}}