{"id":136,"date":"2011-11-13T13:57:10","date_gmt":"2011-11-13T13:57:10","guid":{"rendered":"http:\/\/www.strh.ch?page_id=136"},"modified":"2022-11-14T07:17:42","modified_gmt":"2022-11-14T07:17:42","slug":"abaweb-treuhand","status":"publish","type":"page","link":"https:\/\/www.strh.ch\/?page_id=136","title":{"rendered":"AbaWeb Treuhand"},"content":{"rendered":"<p>Mit AbaWeb Treuhand haben Sie die M\u00f6glichkeit, direkt online auf unserem Server vordefinierte Abacus Finanzapplikationen zu nutzen. Daf\u00fcr ben\u00f6tigen Sie lediglich eine Suisse ID (Sicherheitszertifikat) sowie einen Internetzugang.<\/p>\n<p>Erfahren Sie mehr \u00fcber AbaWeb Treuhand direkt auf der Homepage der Abacus Research AG:<\/p>\n<p><a title=\"abaweb.ch\" href=\"http:\/\/www.abaweb.ch\">www.abaweb.ch<\/a><\/p>\n<p>F\u00fcr AbaWeb Kunden der Sch\u00f6nenberger Treuhand AG:<\/p>\n<p><a title=\"AbaWeb Treuhand Login\" href=\"https:\/\/abaweb-strh-cloud.customize.ch\">Login<\/a><\/p>\n","protected":false},"excerpt":{"rendered":"<p>Mit AbaWeb Treuhand haben Sie die M\u00f6glichkeit, direkt online auf unserem Server vordefinierte Abacus Finanzapplikationen zu nutzen. Daf\u00fcr ben\u00f6tigen Sie lediglich eine Suisse ID (Sicherheitszertifikat) sowie einen Internetzugang. Erfahren Sie mehr \u00fcber AbaWeb Treuhand direkt auf der Homepage der Abacus &hellip; <a href=\"https:\/\/www.strh.ch\/?page_id=136\">Weiterlesen <span class=\"meta-nav\">&rarr;<\/span><\/a><\/p>\n","protected":false},"author":1,"featured_media":0,"parent":0,"menu_order":5,"comment_status":"closed","ping_status":"closed","template":"","meta":{"footnotes":""},"_links":{"self":[{"href":"https:\/\/www.strh.ch\/index.php?rest_route=\/wp\/v2\/pages\/136"}],"collection":[{"href":"https:\/\/www.strh.ch\/index.php?rest_route=\/wp\/v2\/pages"}],"about":[{"href":"https:\/\/www.strh.ch\/index.php?rest_route=\/wp\/v2\/types\/page"}],"author":[{"embeddable":true,"href":"https:\/\/www.strh.ch\/index.php?rest_route=\/wp\/v2\/users\/1"}],"replies":[{"embeddable":true,"href":"https:\/\/www.strh.ch\/index.php?rest_route=%2Fwp%2Fv2%2Fcomments&post=136"}],"version-history":[{"count":10,"href":"https:\/\/www.strh.ch\/index.php?rest_route=\/wp\/v2\/pages\/136\/revisions"}],"predecessor-version":[{"id":229,"href":"https:\/\/www.strh.ch\/index.php?rest_route=\/wp\/v2\/pages\/136\/revisions\/229"}],"wp:attachment":[{"href":"https:\/\/www.strh.ch\/index.php?rest_route=%2Fwp%2Fv2%2Fmedia&parent=136"}],"curies":[{"name":"wp","href":"https:\/\/api.w.org\/{rel}","templated":true}]}}