{"id":48,"date":"2011-10-23T12:34:02","date_gmt":"2011-10-23T12:34:02","guid":{"rendered":"http:\/\/jordhen.ch\/preview\/strh\/?page_id=48"},"modified":"2011-10-24T12:08:48","modified_gmt":"2011-10-24T12:08:48","slug":"lohnwesen","status":"publish","type":"page","link":"https:\/\/www.strh.ch\/?page_id=48","title":{"rendered":"Lohnwesen"},"content":{"rendered":"<p>Zu unseren Kerngesch\u00e4ften z\u00e4hlt die gesamte Lohn- und Personaladministration. Die gesetzlichen Anforderungen f\u00fcr korrekte Abrechnungen, Lohndeklarationen und Lohnausweise sind schon bei wenigen Mitarbeitern zeitintensiv und anspruchsvoll. Gerne unterst\u00fctzen wir Sie mit unserem Knowhow in allen Bereichen. <\/p>\n<h3>\u00dcbersicht<\/h3>\n<ul>\n<li>Erstellen der monatlichen Lohnabrechnungen<\/li>\n<li>Erstellen der j\u00e4hrlichen Sozialversicherungsdeklarationen<\/li>\n<li>Erstellen der Quellensteuer-Abrechnungen<\/li>\n<li>Erstellen der Lohnausweise<\/li>\n<li>An- und Abmeldungen bei s\u00e4mtlichen Personenversicherungen<\/li>\n<li>Gestaltung und Beratung bei Arbeitsvertr\u00e4gen<\/li>\n<\/ul>\n","protected":false},"excerpt":{"rendered":"<p>Zu unseren Kerngesch\u00e4ften z\u00e4hlt die gesamte Lohn- und Personaladministration. Die gesetzlichen Anforderungen f\u00fcr korrekte Abrechnungen, Lohndeklarationen und Lohnausweise sind schon bei wenigen Mitarbeitern zeitintensiv und anspruchsvoll. Gerne unterst\u00fctzen wir Sie mit unserem Knowhow in allen Bereichen. \u00dcbersicht Erstellen der monatlichen &hellip; <a href=\"https:\/\/www.strh.ch\/?page_id=48\">Weiterlesen <span class=\"meta-nav\">&rarr;<\/span><\/a><\/p>\n","protected":false},"author":1,"featured_media":0,"parent":0,"menu_order":5,"comment_status":"closed","ping_status":"closed","template":"","meta":{"footnotes":""},"_links":{"self":[{"href":"https:\/\/www.strh.ch\/index.php?rest_route=\/wp\/v2\/pages\/48"}],"collection":[{"href":"https:\/\/www.strh.ch\/index.php?rest_route=\/wp\/v2\/pages"}],"about":[{"href":"https:\/\/www.strh.ch\/index.php?rest_route=\/wp\/v2\/types\/page"}],"author":[{"embeddable":true,"href":"https:\/\/www.strh.ch\/index.php?rest_route=\/wp\/v2\/users\/1"}],"replies":[{"embeddable":true,"href":"https:\/\/www.strh.ch\/index.php?rest_route=%2Fwp%2Fv2%2Fcomments&post=48"}],"version-history":[{"count":3,"href":"https:\/\/www.strh.ch\/index.php?rest_route=\/wp\/v2\/pages\/48\/revisions"}],"predecessor-version":[{"id":102,"href":"https:\/\/www.strh.ch\/index.php?rest_route=\/wp\/v2\/pages\/48\/revisions\/102"}],"wp:attachment":[{"href":"https:\/\/www.strh.ch\/index.php?rest_route=%2Fwp%2Fv2%2Fmedia&parent=48"}],"curies":[{"name":"wp","href":"https:\/\/api.w.org\/{rel}","templated":true}]}}