{"id":50,"date":"2011-10-23T12:34:23","date_gmt":"2011-10-23T12:34:23","guid":{"rendered":"http:\/\/jordhen.ch\/preview\/strh\/?page_id=50"},"modified":"2011-10-24T12:09:10","modified_gmt":"2011-10-24T12:09:10","slug":"steuerberatung","status":"publish","type":"page","link":"https:\/\/www.strh.ch\/?page_id=50","title":{"rendered":"Steuerberatung"},"content":{"rendered":"<p>Die Steuergesetzgebung ist komplex, vielf\u00e4ltig und bringt laufend \u00c4nderungen mit sich. Diese k\u00f6nnen von Vorteil sein aber auch Risiken zur Folge haben. Dank st\u00e4ndiger Weiterbildung sind wir in diesen Themen auf dem aktuellsten Stand. Damit schaffen wir die Grundlage f\u00fcr Unternehmen, Unternehmer und auch Privatpersonen entsprechende L\u00f6sungen und Optimierungsm\u00f6glichkeiten anbieten zu k\u00f6nnen.<\/p>\n<h3>\u00dcbersicht<\/h3>\n<ul>\n<li>Steuerberatung und -planung f\u00fcr Unternehmen und Private<\/li>\n<li>Erstellen von Steuererkl\u00e4rungen<\/li>\n<li>Pr\u00fcfung der Veranlagungen und Steuerrechnungen<\/li>\n<li>Steuerberatung bei der Erstellung der Jahresabschl\u00fcsse<\/li>\n<li>Vertretung vor Steuerbeh\u00f6rden<\/li>\n<li>Einsprachen und Rekurse<\/li>\n<\/ul>\n","protected":false},"excerpt":{"rendered":"<p>Die Steuergesetzgebung ist komplex, vielf\u00e4ltig und bringt laufend \u00c4nderungen mit sich. Diese k\u00f6nnen von Vorteil sein aber auch Risiken zur Folge haben. Dank st\u00e4ndiger Weiterbildung sind wir in diesen Themen auf dem aktuellsten Stand. Damit schaffen wir die Grundlage f\u00fcr &hellip; <a href=\"https:\/\/www.strh.ch\/?page_id=50\">Weiterlesen <span class=\"meta-nav\">&rarr;<\/span><\/a><\/p>\n","protected":false},"author":1,"featured_media":0,"parent":0,"menu_order":6,"comment_status":"closed","ping_status":"closed","template":"","meta":{"footnotes":""},"_links":{"self":[{"href":"https:\/\/www.strh.ch\/index.php?rest_route=\/wp\/v2\/pages\/50"}],"collection":[{"href":"https:\/\/www.strh.ch\/index.php?rest_route=\/wp\/v2\/pages"}],"about":[{"href":"https:\/\/www.strh.ch\/index.php?rest_route=\/wp\/v2\/types\/page"}],"author":[{"embeddable":true,"href":"https:\/\/www.strh.ch\/index.php?rest_route=\/wp\/v2\/users\/1"}],"replies":[{"embeddable":true,"href":"https:\/\/www.strh.ch\/index.php?rest_route=%2Fwp%2Fv2%2Fcomments&post=50"}],"version-history":[{"count":3,"href":"https:\/\/www.strh.ch\/index.php?rest_route=\/wp\/v2\/pages\/50\/revisions"}],"predecessor-version":[{"id":103,"href":"https:\/\/www.strh.ch\/index.php?rest_route=\/wp\/v2\/pages\/50\/revisions\/103"}],"wp:attachment":[{"href":"https:\/\/www.strh.ch\/index.php?rest_route=%2Fwp%2Fv2%2Fmedia&parent=50"}],"curies":[{"name":"wp","href":"https:\/\/api.w.org\/{rel}","templated":true}]}}