{"id":52,"date":"2011-10-23T12:34:47","date_gmt":"2011-10-23T12:34:47","guid":{"rendered":"http:\/\/jordhen.ch\/preview\/strh\/?page_id=52"},"modified":"2011-10-24T12:09:23","modified_gmt":"2011-10-24T12:09:23","slug":"treuhand","status":"publish","type":"page","link":"https:\/\/www.strh.ch\/?page_id=52","title":{"rendered":"Treuhand"},"content":{"rendered":"<p>Im Zusammenhang mit der Gr\u00fcndung, Bewertung, Kauf oder Verkauf einer Gesellschaft beraten wir Sie gerne umfassend in allen Belangen. F\u00fcr den Revisionsbereich wurde im Jahr 2009 infolge der steigenden Qualit\u00e4ts- und Unabh\u00e4ngigkeitsanforderungen eine eigene Gesellschaft mit zwei Partnern gegr\u00fcndet.<\/p>\n<h3>\u00dcbersicht<\/h3>\n<ul>\n<li>Firmengr\u00fcndungen<\/li>\n<li>Firmenumwandlungen<\/li>\n<li>Unternehmensbewertungen<\/li>\n<li>Beratung bei Kauf- und Verkauf von Unternehmen<\/li>\n<li>Rechtsberatung in Zusammenarbeit mit externen Anw\u00e4lten<\/li>\n<li>Erbteilung und Willensvollstreckung<\/li>\n<\/ul>\n<div style=\"height:20px;\"><\/div>\n<h1>Revision<\/h1>\n<p>S\u00e4mtliche Revisionsmandate werden durch die auditpoint ag revisionsgesellschaft ausgef\u00fchrt. Diese Gesellschaft wurde infolge der steigenden Qualit\u00e4ts- und Unabh\u00e4ngigkeitsanforderungen im Revisionsbereich im Jahr 2009 durch Juri Sch\u00f6nenberger und zwei weiteren Partnern gegr\u00fcndet und ist bei der Revisionsaufsichtsbeh\u00f6rde (RAB) als Revisionsexperte zugelassen. Bei der auditpoint ag ist Juri Sch\u00f6nenberger als Revisor eingetragen. Weitere Informationen k\u00f6nnen der Homepage <a href=\"http:\/\/www.auditpoint.ch\/\" target=\"_blank\">www.auditpoint.ch<\/a> entnommen werden.<\/p>\n","protected":false},"excerpt":{"rendered":"<p>Im Zusammenhang mit der Gr\u00fcndung, Bewertung, Kauf oder Verkauf einer Gesellschaft beraten wir Sie gerne umfassend in allen Belangen. F\u00fcr den Revisionsbereich wurde im Jahr 2009 infolge der steigenden Qualit\u00e4ts- und Unabh\u00e4ngigkeitsanforderungen eine eigene Gesellschaft mit zwei Partnern gegr\u00fcndet. \u00dcbersicht &hellip; <a href=\"https:\/\/www.strh.ch\/?page_id=52\">Weiterlesen <span class=\"meta-nav\">&rarr;<\/span><\/a><\/p>\n","protected":false},"author":1,"featured_media":0,"parent":0,"menu_order":7,"comment_status":"closed","ping_status":"closed","template":"","meta":{"footnotes":""},"_links":{"self":[{"href":"https:\/\/www.strh.ch\/index.php?rest_route=\/wp\/v2\/pages\/52"}],"collection":[{"href":"https:\/\/www.strh.ch\/index.php?rest_route=\/wp\/v2\/pages"}],"about":[{"href":"https:\/\/www.strh.ch\/index.php?rest_route=\/wp\/v2\/types\/page"}],"author":[{"embeddable":true,"href":"https:\/\/www.strh.ch\/index.php?rest_route=\/wp\/v2\/users\/1"}],"replies":[{"embeddable":true,"href":"https:\/\/www.strh.ch\/index.php?rest_route=%2Fwp%2Fv2%2Fcomments&post=52"}],"version-history":[{"count":9,"href":"https:\/\/www.strh.ch\/index.php?rest_route=\/wp\/v2\/pages\/52\/revisions"}],"predecessor-version":[{"id":104,"href":"https:\/\/www.strh.ch\/index.php?rest_route=\/wp\/v2\/pages\/52\/revisions\/104"}],"wp:attachment":[{"href":"https:\/\/www.strh.ch\/index.php?rest_route=%2Fwp%2Fv2%2Fmedia&parent=52"}],"curies":[{"name":"wp","href":"https:\/\/api.w.org\/{rel}","templated":true}]}}