{"id":8,"date":"2011-10-22T13:43:02","date_gmt":"2011-10-22T13:43:02","guid":{"rendered":"http:\/\/jordhen.ch\/preview\/strh\/?page_id=8"},"modified":"2011-11-12T13:45:28","modified_gmt":"2011-11-12T13:45:28","slug":"uber-uns","status":"publish","type":"page","link":"https:\/\/www.strh.ch\/?page_id=8","title":{"rendered":"\u00dcber uns"},"content":{"rendered":"<p>Im Januar 1997 wurde die Sch\u00f6nenberger Treuhand als Einzelfirma im Handelsregister eingetragen und im August 2011 in eine Aktiengesellschaft umgewandelt.<\/p>\n<p>Unsere Kunden sind vorwiegend Klein- und Mittelbetriebe (KMU&#8217;s), welchen wir nach ihren individuellen Bed\u00fcrfnissen unsere Dienstleistungen anbieten.<\/p>\n<p>Wir betrachten unsere Kunden als Partner, legen Wert auf eine pers\u00f6nliche Betreuung, erarbeiten den optimalen L\u00f6sungsweg und setzen somit die Grundlage f\u00fcr eine langj\u00e4hrige Gesch\u00e4ftsbeziehung.<\/p>\n<p>Gerne stehen wir Ihnen f\u00fcr ein unverbindliches Gespr\u00e4ch zur Verf\u00fcgung.<\/p>\n","protected":false},"excerpt":{"rendered":"<p>Im Januar 1997 wurde die Sch\u00f6nenberger Treuhand als Einzelfirma im Handelsregister eingetragen und im August 2011 in eine Aktiengesellschaft umgewandelt. Unsere Kunden sind vorwiegend Klein- und Mittelbetriebe (KMU&#8217;s), welchen wir nach ihren individuellen Bed\u00fcrfnissen unsere Dienstleistungen anbieten. Wir betrachten unsere &hellip; <a href=\"https:\/\/www.strh.ch\/?page_id=8\">Weiterlesen <span class=\"meta-nav\">&rarr;<\/span><\/a><\/p>\n","protected":false},"author":1,"featured_media":0,"parent":0,"menu_order":1,"comment_status":"open","ping_status":"open","template":"","meta":{"footnotes":""},"_links":{"self":[{"href":"https:\/\/www.strh.ch\/index.php?rest_route=\/wp\/v2\/pages\/8"}],"collection":[{"href":"https:\/\/www.strh.ch\/index.php?rest_route=\/wp\/v2\/pages"}],"about":[{"href":"https:\/\/www.strh.ch\/index.php?rest_route=\/wp\/v2\/types\/page"}],"author":[{"embeddable":true,"href":"https:\/\/www.strh.ch\/index.php?rest_route=\/wp\/v2\/users\/1"}],"replies":[{"embeddable":true,"href":"https:\/\/www.strh.ch\/index.php?rest_route=%2Fwp%2Fv2%2Fcomments&post=8"}],"version-history":[{"count":6,"href":"https:\/\/www.strh.ch\/index.php?rest_route=\/wp\/v2\/pages\/8\/revisions"}],"predecessor-version":[{"id":112,"href":"https:\/\/www.strh.ch\/index.php?rest_route=\/wp\/v2\/pages\/8\/revisions\/112"}],"wp:attachment":[{"href":"https:\/\/www.strh.ch\/index.php?rest_route=%2Fwp%2Fv2%2Fmedia&parent=8"}],"curies":[{"name":"wp","href":"https:\/\/api.w.org\/{rel}","templated":true}]}}